{"id":79,"date":"2021-09-30T16:16:30","date_gmt":"2021-09-30T14:16:30","guid":{"rendered":"http:\/\/hiscon.pl\/?page_id=79"},"modified":"2021-09-30T17:50:11","modified_gmt":"2021-09-30T15:50:11","slug":"zespol","status":"publish","type":"page","link":"http:\/\/hiscon.pl\/index.php\/zespol\/","title":{"rendered":"Zesp\u00f3\u0142"},"content":{"rendered":"\t\t<div data-elementor-type=\"wp-page\" data-elementor-id=\"79\" class=\"elementor elementor-79\" data-elementor-settings=\"[]\">\n\t\t\t\t\t\t\t<div class=\"elementor-section-wrap\">\n\t\t\t\t\t\t\t<section class=\"elementor-section elementor-top-section elementor-element elementor-element-93e6efe elementor-section-boxed elementor-section-height-default elementor-section-height-default\" data-id=\"93e6efe\" data-element_type=\"section\">\n\t\t\t\t\t\t<div class=\"elementor-container elementor-column-gap-default\">\n\t\t\t\t\t<div class=\"elementor-column elementor-col-100 elementor-top-column elementor-element elementor-element-3ca0cc3\" data-id=\"3ca0cc3\" data-element_type=\"column\">\n\t\t\t<div class=\"elementor-widget-wrap elementor-element-populated\">\n\t\t\t\t\t\t\t\t<div class=\"elementor-element elementor-element-b1c6c08 elementor-widget elementor-widget-heading\" data-id=\"b1c6c08\" data-element_type=\"widget\" data-widget_type=\"heading.default\">\n\t\t\t\t<div class=\"elementor-widget-container\">\n\t\t\t<h2 class=\"elementor-heading-title elementor-size-default\">Zesp\u00f3\u0142<\/h2>\t\t<\/div>\n\t\t\t\t<\/div>\n\t\t\t\t\t<\/div>\n\t\t<\/div>\n\t\t\t\t\t\t\t<\/div>\n\t\t<\/section>\n\t\t\t\t<section class=\"elementor-section elementor-top-section elementor-element elementor-element-aea7a6d elementor-section-boxed elementor-section-height-default elementor-section-height-default\" data-id=\"aea7a6d\" data-element_type=\"section\">\n\t\t\t\t\t\t<div class=\"elementor-container elementor-column-gap-default\">\n\t\t\t\t\t<div class=\"elementor-column elementor-col-33 elementor-top-column elementor-element elementor-element-7a82ad2\" data-id=\"7a82ad2\" data-element_type=\"column\">\n\t\t\t<div class=\"elementor-widget-wrap elementor-element-populated\">\n\t\t\t\t\t\t\t\t<div class=\"elementor-element elementor-element-4c42a05 elementor-widget elementor-widget-image\" data-id=\"4c42a05\" data-element_type=\"widget\" data-widget_type=\"image.default\">\n\t\t\t\t<div class=\"elementor-widget-container\">\n\t\t\t\t\t\t\t\t\t\t\t\t\t\t\t<img width=\"1024\" height=\"683\" src=\"http:\/\/hiscon.pl\/wp-content\/uploads\/2021\/09\/placeholder-244-1024x683.png\" class=\"attachment-large size-large\" alt=\"\" loading=\"lazy\" srcset=\"http:\/\/hiscon.pl\/wp-content\/uploads\/2021\/09\/placeholder-244-1024x683.png 1024w, http:\/\/hiscon.pl\/wp-content\/uploads\/2021\/09\/placeholder-244-300x200.png 300w, http:\/\/hiscon.pl\/wp-content\/uploads\/2021\/09\/placeholder-244-768x512.png 768w, http:\/\/hiscon.pl\/wp-content\/uploads\/2021\/09\/placeholder-244.png 1200w\" sizes=\"(max-width: 1024px) 100vw, 1024px\" \/>\t\t\t\t\t\t\t\t\t\t\t\t\t\t\t<\/div>\n\t\t\t\t<\/div>\n\t\t\t\t\t<\/div>\n\t\t<\/div>\n\t\t\t\t<div class=\"elementor-column elementor-col-66 elementor-top-column elementor-element elementor-element-23a54e4\" data-id=\"23a54e4\" data-element_type=\"column\">\n\t\t\t<div class=\"elementor-widget-wrap elementor-element-populated\">\n\t\t\t\t\t\t\t\t<div class=\"elementor-element elementor-element-d327c43 elementor-widget elementor-widget-text-editor\" data-id=\"d327c43\" data-element_type=\"widget\" data-widget_type=\"text-editor.default\">\n\t\t\t\t<div class=\"elementor-widget-container\">\n\t\t\t\t\t\t\t<p>Piotr Zi\u00f3\u0142kowski, prof. dr hab. nauk medycznych; specjalista patomorfolog. Od wielu lat zatrudniony na Uniwersytecie Medycznym we Wroc\u0142awiu oraz w Specjalistycznym Szpitalu im. Soko\u0142owskiego w Wa\u0142brzychu. Pomys\u0142odawca powstania sp\u00f3\u0142ki Hiscon, kt\u00f3rej g\u0142\u00f3wnym celem jest rozw\u00f3j telepatomorfologii. Realizowa\u0142 liczne projekty naukowo-badawcze finansowane przez Uni\u0119 Europejsk\u0105, Narodowe Centrum Nauki oraz Narodowe Centrum Bada\u0144 i Rozwoju, kt\u00f3re dotyczy\u0142y eksperymentalnej terapii nowotwor\u00f3w, biomarker\u00f3w nowotworowych oraz patomorfologii do\u015bwiadczalnej. Zajmuje si\u0119 szeroko rozumian\u0105 problematyk\u0105 patomorfologii, ze szczeg\u00f3lnym uwzgl\u0119dnieniem patomorfologii przewodu pokarmowego.\u00a0<\/p>\t\t\t\t\t\t<\/div>\n\t\t\t\t<\/div>\n\t\t\t\t\t<\/div>\n\t\t<\/div>\n\t\t\t\t\t\t\t<\/div>\n\t\t<\/section>\n\t\t\t\t<section class=\"elementor-section elementor-top-section elementor-element elementor-element-8645147 elementor-section-boxed elementor-section-height-default elementor-section-height-default\" data-id=\"8645147\" data-element_type=\"section\">\n\t\t\t\t\t\t<div class=\"elementor-container elementor-column-gap-default\">\n\t\t\t\t\t<div class=\"elementor-column elementor-col-33 elementor-top-column elementor-element elementor-element-6fbd9a3\" data-id=\"6fbd9a3\" data-element_type=\"column\">\n\t\t\t<div class=\"elementor-widget-wrap elementor-element-populated\">\n\t\t\t\t\t\t\t\t<div class=\"elementor-element elementor-element-e809171 elementor-widget elementor-widget-image\" data-id=\"e809171\" data-element_type=\"widget\" data-widget_type=\"image.default\">\n\t\t\t\t<div class=\"elementor-widget-container\">\n\t\t\t\t\t\t\t\t\t\t\t\t\t\t\t<img src=\"http:\/\/hiscon.pl\/wp-content\/plugins\/elementor\/assets\/images\/placeholder.png\" title=\"\" alt=\"\" \/>\t\t\t\t\t\t\t\t\t\t\t\t\t\t\t<\/div>\n\t\t\t\t<\/div>\n\t\t\t\t\t<\/div>\n\t\t<\/div>\n\t\t\t\t<div class=\"elementor-column elementor-col-66 elementor-top-column elementor-element elementor-element-878b50e\" data-id=\"878b50e\" data-element_type=\"column\">\n\t\t\t<div class=\"elementor-widget-wrap elementor-element-populated\">\n\t\t\t\t\t\t\t\t<div class=\"elementor-element elementor-element-c8e59bf elementor-widget elementor-widget-text-editor\" data-id=\"c8e59bf\" data-element_type=\"widget\" data-widget_type=\"text-editor.default\">\n\t\t\t\t<div class=\"elementor-widget-container\">\n\t\t\t\t\t\t\t<p>Artur Bartczak &#8211; specjalista patomorfolog od 2014 roku. Do\u015bwiadczenie naukowe pe\u0142ni\u0105c stanowisko asystenta naukowo &#8211; dydaktycznego w CMKP (2006-2017). Do 2017 roku by\u0142 organizatorem cyklu konferencji &#8220;Polish Pathology Days&#8221; w ramach prowadzonej sp\u00f3\u0142ki DHIM Sp. z o.o. Od 2017 roku pe\u0142ni funkcj\u0119 koordynatora Zak\u0142adu Patomorfologii Specjalistycznego Szpitala P\u0142ucnego &#8220;Odrodzenie&#8221; im. Klary Jelskiej w Zakopenem, gdzie g\u0142\u00f3wnym obszarem jego zainteresowania jest patomorfologia narz\u0105d\u00f3w klatki piersiowej, patologia molekularna oraz nauczanie maszynowe w oparciu o zdigitalizowane preparaty histopatologiczne.\u00a0<\/p>\t\t\t\t\t\t<\/div>\n\t\t\t\t<\/div>\n\t\t\t\t\t<\/div>\n\t\t<\/div>\n\t\t\t\t\t\t\t<\/div>\n\t\t<\/section>\n\t\t\t\t<section class=\"elementor-section elementor-top-section elementor-element elementor-element-223eb19 elementor-section-boxed elementor-section-height-default elementor-section-height-default\" data-id=\"223eb19\" data-element_type=\"section\">\n\t\t\t\t\t\t<div class=\"elementor-container elementor-column-gap-default\">\n\t\t\t\t\t<div class=\"elementor-column elementor-col-33 elementor-top-column elementor-element elementor-element-0595461\" data-id=\"0595461\" data-element_type=\"column\">\n\t\t\t<div class=\"elementor-widget-wrap elementor-element-populated\">\n\t\t\t\t\t\t\t\t<div class=\"elementor-element elementor-element-cd93435 elementor-widget elementor-widget-image\" data-id=\"cd93435\" data-element_type=\"widget\" data-widget_type=\"image.default\">\n\t\t\t\t<div class=\"elementor-widget-container\">\n\t\t\t\t\t\t\t\t\t\t\t\t\t\t\t<img src=\"http:\/\/hiscon.pl\/wp-content\/plugins\/elementor\/assets\/images\/placeholder.png\" title=\"\" alt=\"\" \/>\t\t\t\t\t\t\t\t\t\t\t\t\t\t\t<\/div>\n\t\t\t\t<\/div>\n\t\t\t\t\t<\/div>\n\t\t<\/div>\n\t\t\t\t<div class=\"elementor-column elementor-col-66 elementor-top-column elementor-element elementor-element-a886b6a\" data-id=\"a886b6a\" data-element_type=\"column\">\n\t\t\t<div class=\"elementor-widget-wrap elementor-element-populated\">\n\t\t\t\t\t\t\t\t<div class=\"elementor-element elementor-element-300cf2d elementor-widget elementor-widget-text-editor\" data-id=\"300cf2d\" data-element_type=\"widget\" data-widget_type=\"text-editor.default\">\n\t\t\t\t<div class=\"elementor-widget-container\">\n\t\t\t\t\t\t\t<p>Pawe\u0142 Ko\u0142odziej &#8211; Absolwent Akademii Medycznej im.Piast\u00f3w \u015al\u0105skich we Wroc\u0142awiu 1992, chirurg og\u00f3lny 1996, lekarz medycyny s\u0105dowej 2000. Specjalista patomorfolog 2013. Wsp\u00f3\u0142praca w zakresie diagnostyki histologicznej z Oddzia\u0142ami Chirurgii Onkologicznej, Pulmonologii, Endoskopii i Urologii. Wyk\u0142adowca CMKP w Warszawie z cytologii i histopatologii. Zainteresowania &#8211; techniki cytologiczne, diagnostyka w chirurgii Mohsa, proteomika, algorytmy w diagnostyce patomorfologicznej. Wsp\u00f3\u0142praca z firm\u0105 IT w utworzeniu platformy obraz\u00f3w (Pathoviewer) do cel\u00f3w konsultacyjnych i dydaktycznych.<\/p>\t\t\t\t\t\t<\/div>\n\t\t\t\t<\/div>\n\t\t\t\t\t<\/div>\n\t\t<\/div>\n\t\t\t\t\t\t\t<\/div>\n\t\t<\/section>\n\t\t\t\t\t\t<\/div>\n\t\t\t\t\t<\/div>\n\t\t","protected":false},"excerpt":{"rendered":"<p>Zesp\u00f3\u0142 Piotr Zi\u00f3\u0142kowski, prof. dr hab. nauk medycznych; specjalista patomorfolog. Od wielu lat zatrudniony na Uniwersytecie Medycznym we Wroc\u0142awiu oraz w Specjalistycznym Szpitalu im. Soko\u0142owskiego w Wa\u0142brzychu. Pomys\u0142odawca powstania sp\u00f3\u0142ki Hiscon, kt\u00f3rej g\u0142\u00f3wnym celem jest rozw\u00f3j telepatomorfologii. Realizowa\u0142 liczne projekty naukowo-badawcze finansowane przez Uni\u0119 Europejsk\u0105, Narodowe Centrum Nauki oraz Narodowe Centrum Bada\u0144 i Rozwoju, kt\u00f3re &hellip;<\/p>\n<p class=\"read-more\"> <a class=\"\" href=\"http:\/\/hiscon.pl\/index.php\/zespol\/\"> <span class=\"screen-reader-text\">Zesp\u00f3\u0142<\/span> Read More &raquo;<\/a><\/p>\n","protected":false},"author":1,"featured_media":0,"parent":0,"menu_order":0,"comment_status":"closed","ping_status":"closed","template":"","meta":{"_monsterinsights_skip_tracking":false,"_monsterinsights_sitenote_active":false,"_monsterinsights_sitenote_note":"","_monsterinsights_sitenote_category":0},"_links":{"self":[{"href":"http:\/\/hiscon.pl\/index.php\/wp-json\/wp\/v2\/pages\/79"}],"collection":[{"href":"http:\/\/hiscon.pl\/index.php\/wp-json\/wp\/v2\/pages"}],"about":[{"href":"http:\/\/hiscon.pl\/index.php\/wp-json\/wp\/v2\/types\/page"}],"author":[{"embeddable":true,"href":"http:\/\/hiscon.pl\/index.php\/wp-json\/wp\/v2\/users\/1"}],"replies":[{"embeddable":true,"href":"http:\/\/hiscon.pl\/index.php\/wp-json\/wp\/v2\/comments?post=79"}],"version-history":[{"count":17,"href":"http:\/\/hiscon.pl\/index.php\/wp-json\/wp\/v2\/pages\/79\/revisions"}],"predecessor-version":[{"id":153,"href":"http:\/\/hiscon.pl\/index.php\/wp-json\/wp\/v2\/pages\/79\/revisions\/153"}],"wp:attachment":[{"href":"http:\/\/hiscon.pl\/index.php\/wp-json\/wp\/v2\/media?parent=79"}],"curies":[{"name":"wp","href":"https:\/\/api.w.org\/{rel}","templated":true}]}}