{"id":81,"date":"2021-09-30T16:17:24","date_gmt":"2021-09-30T14:17:24","guid":{"rendered":"http:\/\/hiscon.pl\/?page_id=81"},"modified":"2021-09-30T17:02:03","modified_gmt":"2021-09-30T15:02:03","slug":"oferta","status":"publish","type":"page","link":"http:\/\/hiscon.pl\/index.php\/oferta\/","title":{"rendered":"Oferta"},"content":{"rendered":"\t\t<div data-elementor-type=\"wp-page\" data-elementor-id=\"81\" class=\"elementor elementor-81\" data-elementor-settings=\"[]\">\n\t\t\t\t\t\t\t<div class=\"elementor-section-wrap\">\n\t\t\t\t\t\t\t<section class=\"elementor-section elementor-top-section elementor-element elementor-element-8f5605a elementor-section-boxed elementor-section-height-default elementor-section-height-default\" data-id=\"8f5605a\" data-element_type=\"section\">\n\t\t\t\t\t\t<div class=\"elementor-container elementor-column-gap-default\">\n\t\t\t\t\t<div class=\"elementor-column elementor-col-100 elementor-top-column elementor-element elementor-element-0dc54b1\" data-id=\"0dc54b1\" data-element_type=\"column\">\n\t\t\t<div class=\"elementor-widget-wrap elementor-element-populated\">\n\t\t\t\t\t\t\t\t<div class=\"elementor-element elementor-element-49fe2ef elementor-widget elementor-widget-heading\" data-id=\"49fe2ef\" data-element_type=\"widget\" data-widget_type=\"heading.default\">\n\t\t\t\t<div class=\"elementor-widget-container\">\n\t\t\t<h2 class=\"elementor-heading-title elementor-size-default\">Oferta<\/h2>\t\t<\/div>\n\t\t\t\t<\/div>\n\t\t\t\t\t<\/div>\n\t\t<\/div>\n\t\t\t\t\t\t\t<\/div>\n\t\t<\/section>\n\t\t\t\t<section class=\"elementor-section elementor-top-section elementor-element elementor-element-c40c731 elementor-section-boxed elementor-section-height-default elementor-section-height-default\" data-id=\"c40c731\" data-element_type=\"section\">\n\t\t\t\t\t\t<div class=\"elementor-container elementor-column-gap-default\">\n\t\t\t\t\t<div class=\"elementor-column elementor-col-100 elementor-top-column elementor-element elementor-element-faf230d\" data-id=\"faf230d\" data-element_type=\"column\">\n\t\t\t<div class=\"elementor-widget-wrap elementor-element-populated\">\n\t\t\t\t\t\t\t\t<div class=\"elementor-element elementor-element-abbe5cd elementor-widget elementor-widget-text-editor\" data-id=\"abbe5cd\" data-element_type=\"widget\" data-widget_type=\"text-editor.default\">\n\t\t\t\t<div class=\"elementor-widget-container\">\n\t\t\t\t\t\t\t<p>Oferujemy badania patomorfologiczne wykonywane i konsultowane przez czo\u0142owych specjalist\u00f3w patomorfolog\u00f3w w Polsce. Badania wykonywane s\u0105 terminowo, wed\u0142ug standard\u00f3w Polskiego Towarzystwa Patolog\u00f3w oraz wytycznych Ministerstwa Zdrowia, kt\u00f3re b\u0119d\u0105 obowi\u0105zywa\u0107 w diagnostyce patomorfologicznej od przysz\u0142ego 2021 roku, i kt\u00f3rych finansowanie ma zosta\u0107 przeniesione bezpo\u015brednio na Narodowy Fundusz Zdrowia.\u00a0<span style=\"font-style: inherit; color: var( --e-global-color-text ); font-family: var( --e-global-typography-text-font-family ), Sans-serif;\">Opisy bada\u0144 patomorfologicznych w firmie HISCON dokonywane s\u0105 w oparciu o nowoczesny i\u00a0sprawdzony system informatyczny, umo\u017cliwiaj\u0105cy przesy\u0142anie, odbieranie oraz archiwizowanie obraz\u00f3w i opis\u00f3w.\u00a0<\/span><\/p><p><span style=\"font-style: inherit; color: var( --e-global-color-text ); font-family: var( --e-global-typography-text-font-family ), Sans-serif;\">Dzi\u0119ki najnowocze\u015bniejszym rozwi\u0105zaniom system umo\u017cliwia przesy\u0142anie wynik\u00f3w w dowolny, najwygodniejszy dla klienta spos\u00f3b (email, bezpo\u015brednie przes\u0142anie wyniku badania do systemu informatycznego szpitala \u2013 LIS lub HIS).<\/span><\/p>\t\t\t\t\t\t<\/div>\n\t\t\t\t<\/div>\n\t\t\t\t\t<\/div>\n\t\t<\/div>\n\t\t\t\t\t\t\t<\/div>\n\t\t<\/section>\n\t\t\t\t\t\t<\/div>\n\t\t\t\t\t<\/div>\n\t\t","protected":false},"excerpt":{"rendered":"<p>Oferta Oferujemy badania patomorfologiczne wykonywane i konsultowane przez czo\u0142owych specjalist\u00f3w patomorfolog\u00f3w w Polsce. Badania wykonywane s\u0105 terminowo, wed\u0142ug standard\u00f3w Polskiego Towarzystwa Patolog\u00f3w oraz wytycznych Ministerstwa Zdrowia, kt\u00f3re b\u0119d\u0105 obowi\u0105zywa\u0107 w diagnostyce patomorfologicznej od przysz\u0142ego 2021 roku, i kt\u00f3rych finansowanie ma zosta\u0107 przeniesione bezpo\u015brednio na Narodowy Fundusz Zdrowia.\u00a0Opisy bada\u0144 patomorfologicznych w firmie HISCON dokonywane s\u0105 w &hellip;<\/p>\n<p class=\"read-more\"> <a class=\"\" href=\"http:\/\/hiscon.pl\/index.php\/oferta\/\"> <span class=\"screen-reader-text\">Oferta<\/span> Read More &raquo;<\/a><\/p>\n","protected":false},"author":1,"featured_media":0,"parent":0,"menu_order":0,"comment_status":"closed","ping_status":"closed","template":"","meta":{"_monsterinsights_skip_tracking":false,"_monsterinsights_sitenote_active":false,"_monsterinsights_sitenote_note":"","_monsterinsights_sitenote_category":0},"_links":{"self":[{"href":"http:\/\/hiscon.pl\/index.php\/wp-json\/wp\/v2\/pages\/81"}],"collection":[{"href":"http:\/\/hiscon.pl\/index.php\/wp-json\/wp\/v2\/pages"}],"about":[{"href":"http:\/\/hiscon.pl\/index.php\/wp-json\/wp\/v2\/types\/page"}],"author":[{"embeddable":true,"href":"http:\/\/hiscon.pl\/index.php\/wp-json\/wp\/v2\/users\/1"}],"replies":[{"embeddable":true,"href":"http:\/\/hiscon.pl\/index.php\/wp-json\/wp\/v2\/comments?post=81"}],"version-history":[{"count":7,"href":"http:\/\/hiscon.pl\/index.php\/wp-json\/wp\/v2\/pages\/81\/revisions"}],"predecessor-version":[{"id":128,"href":"http:\/\/hiscon.pl\/index.php\/wp-json\/wp\/v2\/pages\/81\/revisions\/128"}],"wp:attachment":[{"href":"http:\/\/hiscon.pl\/index.php\/wp-json\/wp\/v2\/media?parent=81"}],"curies":[{"name":"wp","href":"https:\/\/api.w.org\/{rel}","templated":true}]}}